{"id":2,"date":"2016-02-13T10:14:44","date_gmt":"2016-02-13T10:14:44","guid":{"rendered":"http:\/\/news-papers.eu\/?page_id=2"},"modified":"2025-01-01T13:20:06","modified_gmt":"2025-01-01T12:20:06","slug":"sample-page","status":"publish","type":"page","link":"https:\/\/news-papers.eu\/?page_id=2","title":{"rendered":"\u00fcber uns"},"content":{"rendered":"<figure id=\"attachment_7419\" aria-describedby=\"caption-attachment-7419\" style=\"width: 1024px\" class=\"wp-caption aligncenter\"><img data-recalc-dims=\"1\" loading=\"lazy\" decoding=\"async\" data-attachment-id=\"7419\" data-permalink=\"https:\/\/news-papers.eu\/?attachment_id=7419\" data-orig-file=\"https:\/\/i0.wp.com\/news-papers.eu\/wp-content\/uploads\/2018\/04\/np-team-sw.jpg?fit=2100%2C900&amp;ssl=1\" data-orig-size=\"2100,900\" data-comments-opened=\"1\" data-image-meta=\"{&quot;aperture&quot;:&quot;1.8&quot;,&quot;credit&quot;:&quot;&quot;,&quot;camera&quot;:&quot;iPhone X&quot;,&quot;caption&quot;:&quot;&quot;,&quot;created_timestamp&quot;:&quot;1524662160&quot;,&quot;copyright&quot;:&quot;&quot;,&quot;focal_length&quot;:&quot;4&quot;,&quot;iso&quot;:&quot;25&quot;,&quot;shutter_speed&quot;:&quot;0.01&quot;,&quot;title&quot;:&quot;&quot;,&quot;orientation&quot;:&quot;1&quot;}\" data-image-title=\"news-papers team\" data-image-description=\"\" data-image-caption=\"&lt;p&gt;v.l.n.r.: J\u00fcrgen Knapp, Michael Bernhard, Bj\u00f6rn Hossfeld&lt;\/p&gt;\n\" data-medium-file=\"https:\/\/i0.wp.com\/news-papers.eu\/wp-content\/uploads\/2018\/04\/np-team-sw.jpg?fit=300%2C129&amp;ssl=1\" data-large-file=\"https:\/\/i0.wp.com\/news-papers.eu\/wp-content\/uploads\/2018\/04\/np-team-sw.jpg?fit=1024%2C439&amp;ssl=1\" class=\"size-large wp-image-7419\" src=\"https:\/\/i0.wp.com\/news-papers.eu\/wp-content\/uploads\/2018\/04\/np-team-sw.jpg?resize=1024%2C439\" alt=\"\" width=\"1024\" height=\"439\" srcset=\"https:\/\/i0.wp.com\/news-papers.eu\/wp-content\/uploads\/2018\/04\/np-team-sw.jpg?resize=1024%2C439&amp;ssl=1 1024w, https:\/\/i0.wp.com\/news-papers.eu\/wp-content\/uploads\/2018\/04\/np-team-sw.jpg?resize=300%2C129&amp;ssl=1 300w, https:\/\/i0.wp.com\/news-papers.eu\/wp-content\/uploads\/2018\/04\/np-team-sw.jpg?resize=768%2C329&amp;ssl=1 768w, https:\/\/i0.wp.com\/news-papers.eu\/wp-content\/uploads\/2018\/04\/np-team-sw.jpg?resize=750%2C321&amp;ssl=1 750w\" sizes=\"auto, (max-width: 1024px) 100vw, 1024px\" \/><figcaption id=\"caption-attachment-7419\" class=\"wp-caption-text\">v.l.n.r.: J\u00fcrgen Knapp, Michael Bernhard, Bj\u00f6rn Hossfeld<\/figcaption><\/figure>\n<p><img data-recalc-dims=\"1\" loading=\"lazy\" decoding=\"async\" data-attachment-id=\"14234\" data-permalink=\"https:\/\/news-papers.eu\/?attachment_id=14234\" data-orig-file=\"https:\/\/i0.wp.com\/news-papers.eu\/wp-content\/uploads\/2021\/09\/ANNA-Prof.-Bernhard-sw-scaled.jpg?fit=2560%2C1703&amp;ssl=1\" data-orig-size=\"2560,1703\" data-comments-opened=\"1\" data-image-meta=\"{&quot;aperture&quot;:&quot;4.5&quot;,&quot;credit&quot;:&quot;&quot;,&quot;camera&quot;:&quot;NIKON Z 6&quot;,&quot;caption&quot;:&quot;&quot;,&quot;created_timestamp&quot;:&quot;1630766054&quot;,&quot;copyright&quot;:&quot;&quot;,&quot;focal_length&quot;:&quot;62&quot;,&quot;iso&quot;:&quot;500&quot;,&quot;shutter_speed&quot;:&quot;0.00625&quot;,&quot;title&quot;:&quot;&quot;,&quot;orientation&quot;:&quot;1&quot;}\" data-image-title=\"ANNA Prof. Bernhard sw\" data-image-description=\"\" data-image-caption=\"\" data-medium-file=\"https:\/\/i0.wp.com\/news-papers.eu\/wp-content\/uploads\/2021\/09\/ANNA-Prof.-Bernhard-sw-scaled.jpg?fit=300%2C200&amp;ssl=1\" data-large-file=\"https:\/\/i0.wp.com\/news-papers.eu\/wp-content\/uploads\/2021\/09\/ANNA-Prof.-Bernhard-sw-scaled.jpg?fit=1024%2C681&amp;ssl=1\" class=\"alignnone size-medium wp-image-14234\" src=\"https:\/\/i0.wp.com\/news-papers.eu\/wp-content\/uploads\/2021\/09\/ANNA-Prof.-Bernhard-sw.jpg?resize=300%2C200\" alt=\"\" width=\"300\" height=\"200\" srcset=\"https:\/\/i0.wp.com\/news-papers.eu\/wp-content\/uploads\/2021\/09\/ANNA-Prof.-Bernhard-sw-scaled.jpg?resize=300%2C200&amp;ssl=1 300w, https:\/\/i0.wp.com\/news-papers.eu\/wp-content\/uploads\/2021\/09\/ANNA-Prof.-Bernhard-sw-scaled.jpg?resize=1024%2C681&amp;ssl=1 1024w, https:\/\/i0.wp.com\/news-papers.eu\/wp-content\/uploads\/2021\/09\/ANNA-Prof.-Bernhard-sw-scaled.jpg?resize=768%2C511&amp;ssl=1 768w, https:\/\/i0.wp.com\/news-papers.eu\/wp-content\/uploads\/2021\/09\/ANNA-Prof.-Bernhard-sw-scaled.jpg?resize=1536%2C1022&amp;ssl=1 1536w, https:\/\/i0.wp.com\/news-papers.eu\/wp-content\/uploads\/2021\/09\/ANNA-Prof.-Bernhard-sw-scaled.jpg?resize=2048%2C1363&amp;ssl=1 2048w, https:\/\/i0.wp.com\/news-papers.eu\/wp-content\/uploads\/2021\/09\/ANNA-Prof.-Bernhard-sw-scaled.jpg?resize=750%2C499&amp;ssl=1 750w, https:\/\/i0.wp.com\/news-papers.eu\/wp-content\/uploads\/2021\/09\/ANNA-Prof.-Bernhard-sw-scaled.jpg?w=2340 2340w\" sizes=\"auto, (max-width: 300px) 100vw, 300px\" \/><\/p>\n<p><strong>Prof. Dr. med. Michael Bernhard, <\/strong><span class=\"\">MHBA<\/span><br \/>\n\u00c4rztlicher Leiter<br \/>\n<span class=\"\">Zentrale Notaufnahme<\/span><br \/>\n<span class=\"\">Universit\u00e4tsklinikum D\u00fcsseldorf<\/span><br \/>\n<span class=\"\">Moorenstrasse 5<\/span><br \/>\nD-40225 D\u00fcsseldorf<br \/>\neMail: docmichaelbernhard(at)gmail.com<\/p>\n<p>&nbsp;<\/p>\n<p><img data-recalc-dims=\"1\" loading=\"lazy\" decoding=\"async\" data-attachment-id=\"18963\" data-permalink=\"https:\/\/news-papers.eu\/?attachment_id=18963\" data-orig-file=\"https:\/\/i0.wp.com\/news-papers.eu\/wp-content\/uploads\/2024\/12\/snapseed-1.jpg?fit=2000%2C1030&amp;ssl=1\" data-orig-size=\"2000,1030\" data-comments-opened=\"1\" data-image-meta=\"{&quot;aperture&quot;:&quot;0&quot;,&quot;credit&quot;:&quot;&quot;,&quot;camera&quot;:&quot;&quot;,&quot;caption&quot;:&quot;&quot;,&quot;created_timestamp&quot;:&quot;1733775372&quot;,&quot;copyright&quot;:&quot;Dr. Sylvi Thierbach&quot;,&quot;focal_length&quot;:&quot;0&quot;,&quot;iso&quot;:&quot;0&quot;,&quot;shutter_speed&quot;:&quot;0&quot;,&quot;title&quot;:&quot;&quot;,&quot;orientation&quot;:&quot;1&quot;}\" data-image-title=\"snapseed-1\" data-image-description=\"\" data-image-caption=\"\" data-medium-file=\"https:\/\/i0.wp.com\/news-papers.eu\/wp-content\/uploads\/2024\/12\/snapseed-1.jpg?fit=300%2C155&amp;ssl=1\" data-large-file=\"https:\/\/i0.wp.com\/news-papers.eu\/wp-content\/uploads\/2024\/12\/snapseed-1.jpg?fit=1024%2C527&amp;ssl=1\" class=\"size-full wp-image-18963\" src=\"https:\/\/i0.wp.com\/news-papers.eu\/wp-content\/uploads\/2024\/12\/snapseed-1.jpg?resize=1170%2C603\" width=\"1170\" height=\"603\" srcset=\"https:\/\/i0.wp.com\/news-papers.eu\/wp-content\/uploads\/2024\/12\/snapseed-1.jpg?w=2000&amp;ssl=1 2000w, https:\/\/i0.wp.com\/news-papers.eu\/wp-content\/uploads\/2024\/12\/snapseed-1.jpg?resize=300%2C155&amp;ssl=1 300w, https:\/\/i0.wp.com\/news-papers.eu\/wp-content\/uploads\/2024\/12\/snapseed-1.jpg?resize=1024%2C527&amp;ssl=1 1024w, https:\/\/i0.wp.com\/news-papers.eu\/wp-content\/uploads\/2024\/12\/snapseed-1.jpg?resize=768%2C396&amp;ssl=1 768w, https:\/\/i0.wp.com\/news-papers.eu\/wp-content\/uploads\/2024\/12\/snapseed-1.jpg?resize=1536%2C791&amp;ssl=1 1536w, https:\/\/i0.wp.com\/news-papers.eu\/wp-content\/uploads\/2024\/12\/snapseed-1.jpg?resize=750%2C386&amp;ssl=1 750w\" sizes=\"auto, (max-width: 1170px) 100vw, 1170px\" \/><\/p>\n<p><strong>Prof. Dr. med. Bj\u00f6rn Hossfeld, OTA<\/strong><br \/>\nstellv. \u00c4rztlicher Direktor<\/p>\n<p>Dept. f\u00fcr An\u00e4sthesiologie, Intensivmedizin<br \/>\nNotfallmedizin u. Schmerzmedizin<br \/>\nBundeswehrkrankenhaus Ulm<br \/>\nD-89081 Ulm<br \/>\neMail: bjoern.hossfeld(at)uni-ulm.de<\/p>\n<p>&nbsp;<\/p>\n<p><img data-recalc-dims=\"1\" loading=\"lazy\" decoding=\"async\" data-attachment-id=\"6286\" data-permalink=\"https:\/\/news-papers.eu\/?attachment_id=6286\" data-orig-file=\"https:\/\/i0.wp.com\/news-papers.eu\/wp-content\/uploads\/2016\/02\/Ju%CC%88rgen-Knapp-sw-e1519838771493.jpg?fit=1200%2C761&amp;ssl=1\" data-orig-size=\"1200,761\" data-comments-opened=\"1\" data-image-meta=\"{&quot;aperture&quot;:&quot;3.3&quot;,&quot;credit&quot;:&quot;&quot;,&quot;camera&quot;:&quot;DMC-TZ10&quot;,&quot;caption&quot;:&quot;&quot;,&quot;created_timestamp&quot;:&quot;1287401124&quot;,&quot;copyright&quot;:&quot;&quot;,&quot;focal_length&quot;:&quot;4.1&quot;,&quot;iso&quot;:&quot;200&quot;,&quot;shutter_speed&quot;:&quot;0.033333333333333&quot;,&quot;title&quot;:&quot;&quot;,&quot;orientation&quot;:&quot;0&quot;}\" data-image-title=\"PD Dr. Ju\u0308rgen Knapp\" data-image-description=\"&lt;p&gt;PD Dr. Ju\u0308rgen Knapp&lt;\/p&gt;\n\" data-image-caption=\"\" data-medium-file=\"https:\/\/i0.wp.com\/news-papers.eu\/wp-content\/uploads\/2016\/02\/Ju%CC%88rgen-Knapp-sw-e1519838771493.jpg?fit=300%2C190&amp;ssl=1\" data-large-file=\"https:\/\/i0.wp.com\/news-papers.eu\/wp-content\/uploads\/2016\/02\/Ju%CC%88rgen-Knapp-sw-e1519838771493.jpg?fit=1024%2C649&amp;ssl=1\" class=\"alignnone size-medium wp-image-6286\" src=\"https:\/\/i0.wp.com\/news-papers.eu\/wp-content\/uploads\/2016\/02\/Ju%CC%88rgen-Knapp-sw-300x190.jpg?resize=300%2C190\" alt=\"PD Dr. Ju\u0308rgen Knapp\" width=\"300\" height=\"190\" \/><\/p>\n<p><strong>Prof. Dr. med. J\u00fcrgen Knapp, DESA EDIC<\/strong><br \/>\nOberarzt<br \/>\nUniversit\u00e4tsklinik f\u00fcr An\u00e4sthesiologie und Schmerztherapie<br \/>\nInselspital<br \/>\nCH-3010 Bern<br \/>\neMail: juergen.knapp(at)insel.ch<\/p>\n<p>&nbsp;<\/p>\n<p style=\"text-align: center;\"><strong>Die Autoren der einzelnen Beitr\u00e4ge werden namentlich genannt. Dementsprechend geben die in Posts getroffenen Aussagen lediglich die pers\u00f6nliche Meinung des Autors wieder und repr\u00e4sentieren nicht zwingend die Meinung des jeweiligen Arbeitgebers.<\/strong><\/p>\n<p>&nbsp;<\/p>\n","protected":false},"excerpt":{"rendered":"<p>Prof. Dr. med. Michael Bernhard, MHBA \u00c4rztlicher Leiter Zentrale Notaufnahme Universit\u00e4tsklinikum D\u00fcsseldorf Moorenstrasse 5 D-40225 D\u00fcsseldorf eMail: docmichaelbernhard(at)gmail.com &nbsp; Prof. Dr. med. Bj\u00f6rn Hossfeld, OTA stellv. \u00c4rztlicher Direktor Dept. f\u00fcr [&hellip;]<\/p>\n","protected":false},"author":1,"featured_media":0,"parent":0,"menu_order":0,"comment_status":"closed","ping_status":"open","template":"","meta":{"__cvm_playback_settings":[],"__cvm_video_id":"","jetpack_post_was_ever_published":false,"footnotes":""},"class_list":["post-2","page","type-page","status-publish","hentry"],"jetpack_sharing_enabled":true,"jetpack_shortlink":"https:\/\/wp.me\/P7fR2g-2","jetpack-related-posts":[{"id":108,"url":"https:\/\/news-papers.eu\/?page_id=108","url_meta":{"origin":2,"position":0},"title":"Impressum","author":"Bj\u00f6rn Hossfeld","date":"Februar 14, 2016","format":false,"excerpt":"Disclaimer Die Seite wird betrieben als privates Projekt von Michael Bernhard, Liebigstr. 20, 04103 Leipzig Bj\u00f6rn Hossfeld, Oberer Eselsberg 40, 89081 Ulm \u00a0 Die Betreiber arbeiten ohne Profitabsichten und verzichten bewusst auf Unterst\u00fctzung durch die Industrie oder andere Dritte, um ihre Unabh\u00e4ngigkeit zu gew\u00e4hrleisten. Haftung f\u00fcr Inhalte Als Diensteanbieter sind\u2026","rel":"","context":"\u00c4hnlicher Beitrag","block_context":{"text":"\u00c4hnlicher Beitrag","link":""},"img":{"alt_text":"","src":"","width":0,"height":0},"classes":[]},{"id":116,"url":"https:\/\/news-papers.eu\/?page_id=116","url_meta":{"origin":2,"position":1},"title":"Veranstaltungen","author":"Bj\u00f6rn Hossfeld","date":"Februar 14, 2016","format":false,"excerpt":"Hier finden Sie Hinweise auf Veranstaltungen rund um die pr\u00e4hospitale und innerklinische Notfallmedizin: 18. Heidelberger Seminar \"Invasive Notfalltechniken\": Thoraxdrainage, Intraoss\u00e4re Punktion, Notfallkoniotomie, Stop the bleeding Heidelberg, 13.10.2018 Programm: hier Anmeldung: hier \u00a0 Weitere Veranstaltungen finden Sie: hier.","rel":"","context":"\u00c4hnlicher Beitrag","block_context":{"text":"\u00c4hnlicher Beitrag","link":""},"img":{"alt_text":"INTECH-Bilder","src":"https:\/\/i0.wp.com\/news-papers.eu\/wp-content\/uploads\/2016\/02\/INTECH-Bilder-300x66.png?resize=350%2C200","width":350,"height":200},"classes":[]},{"id":106,"url":"https:\/\/news-papers.eu\/?page_id=106","url_meta":{"origin":2,"position":2},"title":"Links&#038;Tipps","author":"Bj\u00f6rn Hossfeld","date":"Februar 14, 2016","format":false,"excerpt":"Nachfolgend finden Sie interessante Links und Tipps f\u00fcr notfallmedizinische Ressourcen im Internet: Homepage der Sektion Notfallmedizin des Ulmer Bundeswehrkrankenhauses Homepage des Wissenschaftlichen Arbeitskreises Notfallmedizin der Deutschen Gesellschaft f\u00fcr An\u00e4sthesiologie & Intensivmedizin von Dr. Martin Fandler (N\u00fcrnberg, Deutschland) und Dr. Philipp Gotthardt (N\u00fcrnberg, Germany) (Regelm\u00e4ssige Update in der Akut- und Notfallmedizin.)\u2026","rel":"","context":"\u00c4hnlicher Beitrag","block_context":{"text":"\u00c4hnlicher Beitrag","link":""},"img":{"alt_text":"WWW","src":"https:\/\/i0.wp.com\/news-papers.eu\/wp-content\/uploads\/2016\/02\/WWW-300x42.png?resize=350%2C200","width":350,"height":200},"classes":[]},{"id":654,"url":"https:\/\/news-papers.eu\/?page_id=654","url_meta":{"origin":2,"position":3},"title":"Follow","author":"Bj\u00f6rn Hossfeld","date":"Dezember 31, 2016","format":false,"excerpt":"\u00a0 \u00a0 \u00a0 Wenn Sie regelm\u00e4\u00dfig \u00fcber neue Eintr\u00e4ge in diesem Blog informiert werden wollen, k\u00f6nnen Sie sich nebenstehend oder am Fu\u00dfe dieser Seite mit Ihrer eMail-Adresse anmelden um den Blog zu abonnieren; funktioniert nicht in der mobilen Ansicht. \u00a0 Au\u00dferdem finden Sie uns auf Facebook und Twitter.","rel":"","context":"\u00c4hnlicher Beitrag","block_context":{"text":"\u00c4hnlicher Beitrag","link":""},"img":{"alt_text":"news-papers_facebook_twitter","src":"https:\/\/i0.wp.com\/news-papers.eu\/wp-content\/uploads\/2016\/11\/news-papers_Facebook_Twitter-1024x619.png?resize=350%2C200","width":350,"height":200,"srcset":"https:\/\/i0.wp.com\/news-papers.eu\/wp-content\/uploads\/2016\/11\/news-papers_Facebook_Twitter-1024x619.png?resize=350%2C200 1x, https:\/\/i0.wp.com\/news-papers.eu\/wp-content\/uploads\/2016\/11\/news-papers_Facebook_Twitter-1024x619.png?resize=525%2C300 1.5x"},"classes":[]},{"id":103,"url":"https:\/\/news-papers.eu\/?page_id=103","url_meta":{"origin":2,"position":4},"title":"Bibliothek","author":"Bj\u00f6rn Hossfeld","date":"Februar 14, 2016","format":false,"excerpt":"\u00a0 Sie wollen als Berufseinsteiger mal rasch etwas nachschlagen, Sie brauchen einen Tipp f\u00fcr die Praxis, oder Sie interessieren sich f\u00fcr ein spezielles notfallmedizinisches Thema als Experte? F\u00fcr den Rettungs- und Notarztdienst, die Zentrale Notaufnahme und akutmedizinische Behandlungseinheiten*: Die folgende Zusammenstellung einiger notfallmedizinischer Litertaturstellen - nat\u00fcrlich mit dem gesamten Bias\u2026","rel":"","context":"\u00c4hnlicher Beitrag","block_context":{"text":"\u00c4hnlicher Beitrag","link":""},"img":{"alt_text":"Bibliothek2","src":"https:\/\/i0.wp.com\/news-papers.eu\/wp-content\/uploads\/2016\/02\/Bibliothek2-1024x333.jpg?resize=350%2C200","width":350,"height":200,"srcset":"https:\/\/i0.wp.com\/news-papers.eu\/wp-content\/uploads\/2016\/02\/Bibliothek2-1024x333.jpg?resize=350%2C200 1x, https:\/\/i0.wp.com\/news-papers.eu\/wp-content\/uploads\/2016\/02\/Bibliothek2-1024x333.jpg?resize=525%2C300 1.5x"},"classes":[]},{"id":7578,"url":"https:\/\/news-papers.eu\/?page_id=7578","url_meta":{"origin":2,"position":5},"title":"Datenschutzerkl\u00e4rung","author":"Bj\u00f6rn Hossfeld","date":"Mai 24, 2018","format":false,"excerpt":"Datenschutzerkl\u00e4rung Personenbezogene Daten (nachfolgend zumeist nur \u201eDaten\u201c genannt) werden von uns nur im Rahmen der Erforderlichkeit sowie zum Zwecke der Bereitstellung eines funktionsf\u00e4higen und nutzerfreundlichen Internetauftritts, inklusive seiner Inhalte und der dort angebotenen Leistungen, verarbeitet. Gem\u00e4\u00df Art. 4 Ziffer 1. der Verordnung (EU) 2016\/679, also der Datenschutz-Grundverordnung (nachfolgend nur \u201eDSGVO\u201c\u2026","rel":"","context":"\u00c4hnlicher Beitrag","block_context":{"text":"\u00c4hnlicher Beitrag","link":""},"img":{"alt_text":"","src":"","width":0,"height":0},"classes":[]}],"jetpack_likes_enabled":true,"_links":{"self":[{"href":"https:\/\/news-papers.eu\/index.php?rest_route=\/wp\/v2\/pages\/2","targetHints":{"allow":["GET"]}}],"collection":[{"href":"https:\/\/news-papers.eu\/index.php?rest_route=\/wp\/v2\/pages"}],"about":[{"href":"https:\/\/news-papers.eu\/index.php?rest_route=\/wp\/v2\/types\/page"}],"author":[{"embeddable":true,"href":"https:\/\/news-papers.eu\/index.php?rest_route=\/wp\/v2\/users\/1"}],"replies":[{"embeddable":true,"href":"https:\/\/news-papers.eu\/index.php?rest_route=%2Fwp%2Fv2%2Fcomments&post=2"}],"version-history":[{"count":31,"href":"https:\/\/news-papers.eu\/index.php?rest_route=\/wp\/v2\/pages\/2\/revisions"}],"predecessor-version":[{"id":19018,"href":"https:\/\/news-papers.eu\/index.php?rest_route=\/wp\/v2\/pages\/2\/revisions\/19018"}],"wp:attachment":[{"href":"https:\/\/news-papers.eu\/index.php?rest_route=%2Fwp%2Fv2%2Fmedia&parent=2"}],"curies":[{"name":"wp","href":"https:\/\/api.w.org\/{rel}","templated":true}]}}