{"id":108,"date":"2016-02-14T09:12:17","date_gmt":"2016-02-14T09:12:17","guid":{"rendered":"http:\/\/news-papers.eu\/?page_id=108"},"modified":"2018-02-28T18:34:19","modified_gmt":"2018-02-28T17:34:19","slug":"impressum","status":"publish","type":"page","link":"https:\/\/news-papers.eu\/?page_id=108","title":{"rendered":"Impressum"},"content":{"rendered":"<p style=\"text-align: justify;\"><em>Disclaimer<\/em><\/p>\n<p style=\"text-align: justify;\">Die Seite wird betrieben als privates Projekt von<\/p>\n<p style=\"text-align: justify;\"><em>Michael Bernhard, <\/em>Liebigstr. 20, 04103 Leipzig<\/p>\n<p style=\"text-align: justify;\"><em>Bj\u00f6rn Hossfeld<\/em>, Oberer Eselsberg 40, 89081 Ulm<\/p>\n<p>&nbsp;<\/p>\n<p style=\"text-align: justify;\">Die Betreiber arbeiten ohne Profitabsichten und verzichten bewusst auf Unterst\u00fctzung durch die Industrie oder andere Dritte, um ihre Unabh\u00e4ngigkeit zu gew\u00e4hrleisten.<\/p>\n<p style=\"text-align: justify;\"><em>Haftung f\u00fcr Inhalte<\/em><\/p>\n<p style=\"text-align: justify;\">Als Diensteanbieter sind wir gem\u00e4\u00df \u00a7 7 Abs.1 TMG f\u00fcr eigene Inhalte auf diesen Seiten nach den allgemeinen Gesetzen verantwortlich. Nach \u00a7\u00a7 8 bis 10 TMG sind wir als Diensteanbieter jedoch nicht verpflichtet, \u00fcbermittelte oder gespeicherte fremde Informationen zu \u00fcberwachen oder nach Umst\u00e4nden zu forschen, die auf eine rechtswidrige T\u00e4tigkeit hinweisen. Verpflichtungen zur Entfernung oder Sperrung der Nutzung von Informationen nach den allgemeinen Gesetzen bleiben hiervon unber\u00fchrt. Eine diesbez\u00fcgliche Haftung ist jedoch erst ab dem Zeitpunkt der Kenntnis einer konkreten Rechtsverletzung m\u00f6glich. Bei Bekanntwerden von entsprechenden Rechtsverletzungen werden wir diese Inhalte umgehend entfernen.<\/p>\n<p><em>Haftung f\u00fcr Links<\/em><\/p>\n<p style=\"text-align: justify;\">Unser Angebot enth\u00e4lt Links zu externen Webseiten Dritter, auf deren Inhalte wir keinen Einfluss haben. Deshalb k\u00f6nnen wir f\u00fcr diese fremden Inhalte auch keine Gew\u00e4hr \u00fcbernehmen. F\u00fcr die Inhalte der verlinkten Seiten ist stets der jeweilige Anbieter oder Betreiber der Seiten verantwortlich. Die verlinkten Seiten wurden zum Zeitpunkt der Verlinkung auf m\u00f6gliche Rechtsverst\u00f6\u00dfe \u00fcberpr\u00fcft. Rechtswidrige Inhalte waren zum Zeitpunkt der Verlinkung nicht erkennbar. Eine permanente inhaltliche Kontrolle der verlinkten Seiten ist jedoch ohne konkrete Anhaltspunkte einer Rechtsverletzung nicht zumutbar. Bei Bekanntwerden von Rechtsverletzungen werden wir derartige Links umgehend entfernen.<\/p>\n<p><em>Urheberrecht<\/em><\/p>\n<p style=\"text-align: justify;\">Die durch die Seitenbetreiber erstellten Inhalte und Werke auf diesen Seiten unterliegen dem deutschen Urheberrecht. Die Vervielf\u00e4ltigung, Bearbeitung, Verbreitung und jede Art der Verwertung au\u00dferhalb der Grenzen des Urheberrechtes bed\u00fcrfen der schriftlichen Zustimmung des jeweiligen Autors bzw. Erstellers. Downloads und Kopien dieser Seite sind nur f\u00fcr den privaten, nicht kommerziellen Gebrauch gestattet. Soweit die Inhalte auf dieser Seite nicht vom Betreiber erstellt wurden, werden die Urheberrechte Dritter beachtet. Insbesondere werden Inhalte Dritter als solche gekennzeichnet. Sollten Sie trotzdem auf eine Urheberrechtsverletzung aufmerksam werden, bitten wir um einen entsprechenden Hinweis. Bei Bekanntwerden von Rechtsverletzungen werden wir derartige Inhalte umgehend entfernen.<\/p>\n","protected":false},"excerpt":{"rendered":"<p>Disclaimer Die Seite wird betrieben als privates Projekt von Michael Bernhard, Liebigstr. 20, 04103 Leipzig Bj\u00f6rn Hossfeld, Oberer Eselsberg 40, 89081 Ulm &nbsp; Die Betreiber arbeiten ohne Profitabsichten und verzichten [&hellip;]<\/p>\n","protected":false},"author":1,"featured_media":0,"parent":0,"menu_order":0,"comment_status":"closed","ping_status":"closed","template":"","meta":{"__cvm_playback_settings":[],"__cvm_video_id":"","jetpack_post_was_ever_published":false,"footnotes":""},"class_list":["post-108","page","type-page","status-publish","hentry"],"jetpack_sharing_enabled":true,"jetpack_shortlink":"https:\/\/wp.me\/P7fR2g-1K","jetpack-related-posts":[{"id":7578,"url":"https:\/\/news-papers.eu\/?page_id=7578","url_meta":{"origin":108,"position":0},"title":"Datenschutzerkl\u00e4rung","author":"Bj\u00f6rn Hossfeld","date":"Mai 24, 2018","format":false,"excerpt":"Datenschutzerkl\u00e4rung Personenbezogene Daten (nachfolgend zumeist nur \u201eDaten\u201c genannt) werden von uns nur im Rahmen der Erforderlichkeit sowie zum Zwecke der Bereitstellung eines funktionsf\u00e4higen und nutzerfreundlichen Internetauftritts, inklusive seiner Inhalte und der dort angebotenen Leistungen, verarbeitet. Gem\u00e4\u00df Art. 4 Ziffer 1. der Verordnung (EU) 2016\/679, also der Datenschutz-Grundverordnung (nachfolgend nur \u201eDSGVO\u201c\u2026","rel":"","context":"\u00c4hnlicher Beitrag","block_context":{"text":"\u00c4hnlicher Beitrag","link":""},"img":{"alt_text":"","src":"","width":0,"height":0},"classes":[]},{"id":103,"url":"https:\/\/news-papers.eu\/?page_id=103","url_meta":{"origin":108,"position":1},"title":"Bibliothek","author":"Bj\u00f6rn Hossfeld","date":"Februar 14, 2016","format":false,"excerpt":"\u00a0 Sie wollen als Berufseinsteiger mal rasch etwas nachschlagen, Sie brauchen einen Tipp f\u00fcr die Praxis, oder Sie interessieren sich f\u00fcr ein spezielles notfallmedizinisches Thema als Experte? F\u00fcr den Rettungs- und Notarztdienst, die Zentrale Notaufnahme und akutmedizinische Behandlungseinheiten*: Die folgende Zusammenstellung einiger notfallmedizinischer Litertaturstellen - nat\u00fcrlich mit dem gesamten Bias\u2026","rel":"","context":"\u00c4hnlicher Beitrag","block_context":{"text":"\u00c4hnlicher Beitrag","link":""},"img":{"alt_text":"Bibliothek2","src":"https:\/\/i0.wp.com\/news-papers.eu\/wp-content\/uploads\/2016\/02\/Bibliothek2-1024x333.jpg?resize=350%2C200","width":350,"height":200,"srcset":"https:\/\/i0.wp.com\/news-papers.eu\/wp-content\/uploads\/2016\/02\/Bibliothek2-1024x333.jpg?resize=350%2C200 1x, https:\/\/i0.wp.com\/news-papers.eu\/wp-content\/uploads\/2016\/02\/Bibliothek2-1024x333.jpg?resize=525%2C300 1.5x"},"classes":[]},{"id":654,"url":"https:\/\/news-papers.eu\/?page_id=654","url_meta":{"origin":108,"position":2},"title":"Follow","author":"Bj\u00f6rn Hossfeld","date":"Dezember 31, 2016","format":false,"excerpt":"\u00a0 \u00a0 \u00a0 Wenn Sie regelm\u00e4\u00dfig \u00fcber neue Eintr\u00e4ge in diesem Blog informiert werden wollen, k\u00f6nnen Sie sich nebenstehend oder am Fu\u00dfe dieser Seite mit Ihrer eMail-Adresse anmelden um den Blog zu abonnieren; funktioniert nicht in der mobilen Ansicht. \u00a0 Au\u00dferdem finden Sie uns auf Facebook und Twitter.","rel":"","context":"\u00c4hnlicher Beitrag","block_context":{"text":"\u00c4hnlicher Beitrag","link":""},"img":{"alt_text":"news-papers_facebook_twitter","src":"https:\/\/i0.wp.com\/news-papers.eu\/wp-content\/uploads\/2016\/11\/news-papers_Facebook_Twitter-1024x619.png?resize=350%2C200","width":350,"height":200,"srcset":"https:\/\/i0.wp.com\/news-papers.eu\/wp-content\/uploads\/2016\/11\/news-papers_Facebook_Twitter-1024x619.png?resize=350%2C200 1x, https:\/\/i0.wp.com\/news-papers.eu\/wp-content\/uploads\/2016\/11\/news-papers_Facebook_Twitter-1024x619.png?resize=525%2C300 1.5x"},"classes":[]},{"id":106,"url":"https:\/\/news-papers.eu\/?page_id=106","url_meta":{"origin":108,"position":3},"title":"Links&#038;Tipps","author":"Bj\u00f6rn Hossfeld","date":"Februar 14, 2016","format":false,"excerpt":"Nachfolgend finden Sie interessante Links und Tipps f\u00fcr notfallmedizinische Ressourcen im Internet: Homepage der Sektion Notfallmedizin des Ulmer Bundeswehrkrankenhauses Homepage des Wissenschaftlichen Arbeitskreises Notfallmedizin der Deutschen Gesellschaft f\u00fcr An\u00e4sthesiologie & Intensivmedizin von Dr. Martin Fandler (N\u00fcrnberg, Deutschland) und Dr. Philipp Gotthardt (N\u00fcrnberg, Germany) (Regelm\u00e4ssige Update in der Akut- und Notfallmedizin.)\u2026","rel":"","context":"\u00c4hnlicher Beitrag","block_context":{"text":"\u00c4hnlicher Beitrag","link":""},"img":{"alt_text":"WWW","src":"https:\/\/i0.wp.com\/news-papers.eu\/wp-content\/uploads\/2016\/02\/WWW-300x42.png?resize=350%2C200","width":350,"height":200},"classes":[]},{"id":116,"url":"https:\/\/news-papers.eu\/?page_id=116","url_meta":{"origin":108,"position":4},"title":"Veranstaltungen","author":"Bj\u00f6rn Hossfeld","date":"Februar 14, 2016","format":false,"excerpt":"Hier finden Sie Hinweise auf Veranstaltungen rund um die pr\u00e4hospitale und innerklinische Notfallmedizin: 18. Heidelberger Seminar \"Invasive Notfalltechniken\": Thoraxdrainage, Intraoss\u00e4re Punktion, Notfallkoniotomie, Stop the bleeding Heidelberg, 13.10.2018 Programm: hier Anmeldung: hier \u00a0 Weitere Veranstaltungen finden Sie: hier.","rel":"","context":"\u00c4hnlicher Beitrag","block_context":{"text":"\u00c4hnlicher Beitrag","link":""},"img":{"alt_text":"INTECH-Bilder","src":"https:\/\/i0.wp.com\/news-papers.eu\/wp-content\/uploads\/2016\/02\/INTECH-Bilder-300x66.png?resize=350%2C200","width":350,"height":200},"classes":[]},{"id":2,"url":"https:\/\/news-papers.eu\/?page_id=2","url_meta":{"origin":108,"position":5},"title":"\u00fcber uns","author":"Bj\u00f6rn Hossfeld","date":"Februar 13, 2016","format":false,"excerpt":"Prof. Dr. med. Michael Bernhard, MHBA \u00c4rztlicher Leiter Zentrale Notaufnahme Universit\u00e4tsklinikum D\u00fcsseldorf Moorenstrasse 5 D-40225 D\u00fcsseldorf eMail: docmichaelbernhard(at)gmail.com \u00a0 Prof. Dr. med. Bj\u00f6rn Hossfeld, OTA stellv. \u00c4rztlicher Direktor Dept. f\u00fcr An\u00e4sthesiologie, Intensivmedizin Notfallmedizin u. Schmerzmedizin Bundeswehrkrankenhaus Ulm D-89081 Ulm eMail: bjoern.hossfeld(at)uni-ulm.de \u00a0 Prof. Dr. med. J\u00fcrgen Knapp, DESA EDIC Oberarzt\u2026","rel":"","context":"Mit 1 Kommentar","block_context":{"text":"Mit 1 Kommentar","link":"https:\/\/news-papers.eu\/?page_id=2#comments"},"img":{"alt_text":"","src":"https:\/\/i0.wp.com\/news-papers.eu\/wp-content\/uploads\/2018\/04\/np-team-sw-1024x439.jpg?resize=350%2C200","width":350,"height":200,"srcset":"https:\/\/i0.wp.com\/news-papers.eu\/wp-content\/uploads\/2018\/04\/np-team-sw-1024x439.jpg?resize=350%2C200 1x, https:\/\/i0.wp.com\/news-papers.eu\/wp-content\/uploads\/2018\/04\/np-team-sw-1024x439.jpg?resize=525%2C300 1.5x, https:\/\/i0.wp.com\/news-papers.eu\/wp-content\/uploads\/2018\/04\/np-team-sw-1024x439.jpg?resize=700%2C400 2x"},"classes":[]}],"jetpack_likes_enabled":true,"_links":{"self":[{"href":"https:\/\/news-papers.eu\/index.php?rest_route=\/wp\/v2\/pages\/108","targetHints":{"allow":["GET"]}}],"collection":[{"href":"https:\/\/news-papers.eu\/index.php?rest_route=\/wp\/v2\/pages"}],"about":[{"href":"https:\/\/news-papers.eu\/index.php?rest_route=\/wp\/v2\/types\/page"}],"author":[{"embeddable":true,"href":"https:\/\/news-papers.eu\/index.php?rest_route=\/wp\/v2\/users\/1"}],"replies":[{"embeddable":true,"href":"https:\/\/news-papers.eu\/index.php?rest_route=%2Fwp%2Fv2%2Fcomments&post=108"}],"version-history":[{"count":4,"href":"https:\/\/news-papers.eu\/index.php?rest_route=\/wp\/v2\/pages\/108\/revisions"}],"predecessor-version":[{"id":7163,"href":"https:\/\/news-papers.eu\/index.php?rest_route=\/wp\/v2\/pages\/108\/revisions\/7163"}],"wp:attachment":[{"href":"https:\/\/news-papers.eu\/index.php?rest_route=%2Fwp%2Fv2%2Fmedia&parent=108"}],"curies":[{"name":"wp","href":"https:\/\/api.w.org\/{rel}","templated":true}]}}